{"id":3759,"date":"2021-02-01T17:05:11","date_gmt":"2021-02-01T16:05:11","guid":{"rendered":"https:\/\/mawa.folgner.at\/contact\/"},"modified":"2024-09-18T13:48:47","modified_gmt":"2024-09-18T12:48:47","slug":"contact","status":"publish","type":"page","link":"https:\/\/www.mawa-trading.at\/fr\/contact\/","title":{"rendered":"Contact"},"content":{"rendered":"\n<div class=\"wp-block-columns is-layout-flex wp-container-core-columns-is-layout-9d6595d7 wp-block-columns-is-layout-flex\">\n<div class=\"wp-block-column is-layout-flow wp-block-column-is-layout-flow\">\n<figure class=\"wp-block-image size-large is-resized\"><img loading=\"lazy\" decoding=\"async\" width=\"369\" height=\"126\" src=\"https:\/\/www.mawa-trading.at\/wp-content\/uploads\/2021\/02\/MAWA-Logo-trading.jpg\" alt=\"\" class=\"wp-image-883\" style=\"width:139px;height:47px\" srcset=\"https:\/\/www.mawa-trading.at\/wp-content\/uploads\/2021\/02\/MAWA-Logo-trading.jpg 369w, https:\/\/www.mawa-trading.at\/wp-content\/uploads\/2021\/02\/MAWA-Logo-trading-300x102.jpg 300w\" sizes=\"auto, (max-width: 369px) 100vw, 369px\" \/><\/figure>\n\n\n\n<p><\/p>\n\n\n\n<p><strong>MAWA Trading GmbH<\/strong><\/p>\n\n\n\n<p>Johann-Galler Stra\u00dfe 20<br\/>2120 Wolkersdorf<br\/>\u00d6sterreich<\/p>\n\n\n\n<p class=\"has-text-align-left\">ATU75903578<br\/>FN: 540641k<\/p>\n<\/div>\n\n\n\n<div class=\"wp-block-column is-layout-flow wp-block-column-is-layout-flow\" style=\"flex-basis:55%\">\n<h3 class=\"wp-block-heading\"><span class=\"has-inline-color has-red-color\">\u00c0 PROPOS DE NOUS<\/span><\/h3>\n\n\n\n<p>MAWA est un grossiste synonyme de produits d&rsquo;ext\u00e9rieur innovants. MAWA se concentre sur les besoins des chasseurs et sur les articles qui rendent la chasse plus attrayante. Nous sommes sp\u00e9cialis\u00e9s dans l&rsquo;importation de marchandises depuis la Chine et sommes heureux d&rsquo;aider nos clients dans leurs d\u00e9marches.  <\/p>\n\n\n\n<p>MAWA combine les connaissances locales en mati\u00e8re de chasse avec des produits avanc\u00e9s et est \u00e9galement \u00e0 la disposition de ses clients pour traiter les questions de garantie directement avec le fabricant. Cela fait de notre entreprise un partenaire exceptionnel qui prend en charge la distribution, la garantie et les cas de service.  <\/p>\n\n\n\n<p>Un bon partenariat, un service professionnel et le soutien de nos clients sont nos priorit\u00e9s.<\/p>\n<\/div>\n<\/div>\n\n<div style=\"height:42px\" aria-hidden=\"true\" class=\"wp-block-spacer\"><\/div>\n\n<h2 class=\"wp-block-heading\">MAWA international<\/h2>\n\n<hr class=\"wp-block-separator has-alpha-channel-opacity\"\/>\n\n<div class=\"wp-block-columns is-layout-flex wp-container-core-columns-is-layout-9d6595d7 wp-block-columns-is-layout-flex\">\n<div class=\"wp-block-column is-layout-flow wp-block-column-is-layout-flow\">\n<p><strong>MAWA Trading GmbH<\/strong><\/p>\n\n\n\n<p>Josef Reiert Stra\u00dfe 16A<br\/>69190 Walldorf<br\/>Deutschland<\/p>\n\n\n\n<p>Ust.ID DE369260758<br\/>Registergericht: und Sitz:<br\/>Frankfurt am Main<\/p>\n\n\n\n<p>Handelsregister<br\/>HRB133935<\/p>\n\n\n\n<p>Steuernummer<br\/>014 239 30043<\/p>\n\n\n\n<p>WEEE-Reg.-Nr.:<br\/>DE45643545<\/p>\n\n\n\n<p>BattG ID:<br\/>DE91068067<\/p>\n<\/div>\n\n\n\n<div class=\"wp-block-column is-layout-flow wp-block-column-is-layout-flow\">\n<p><strong>SAS MAWA Trading<\/strong><\/p>\n\n\n\n<p>9 rue Santos-Dumont<br\/>86100 Ch\u00e2tellerault<br\/>France<\/p>\n\n\n\n<p>Lieu de juridiction:<br\/>Poitiers<\/p>\n\n\n\n<p>FR53979278678<br\/>RCS 979 278 678<\/p>\n\n\n\n<p>ECOLOGIC Member Code:<br\/>A18214<\/p>\n\n\n\n<p>SCRELEC:<br\/>FR389543_06OFHT<\/p>\n<\/div>\n<\/div>\n","protected":false},"excerpt":{"rendered":"<p>MAWA Trading GmbH Johann-Galler Stra\u00dfe 202120 Wolkersdorf\u00d6sterreich ATU75903578FN: 540641k \u00c0 PROPOS DE NOUS MAWA est un grossiste synonyme de produits d&rsquo;ext\u00e9rieur innovants. MAWA se concentre sur les besoins des chasseurs et sur les articles qui rendent la chasse plus attrayante. Nous sommes sp\u00e9cialis\u00e9s dans l&rsquo;importation de marchandises depuis la Chine et sommes heureux d&rsquo;aider nos [&hellip;]<\/p>\n","protected":false},"author":2,"featured_media":3634,"parent":0,"menu_order":0,"comment_status":"closed","ping_status":"closed","template":"","meta":{"_acf_changed":false,"footnotes":""},"class_list":["post-3759","page","type-page","status-publish","has-post-thumbnail","hentry"],"acf":[],"_links":{"self":[{"href":"https:\/\/www.mawa-trading.at\/fr\/wp-json\/wp\/v2\/pages\/3759","targetHints":{"allow":["GET"]}}],"collection":[{"href":"https:\/\/www.mawa-trading.at\/fr\/wp-json\/wp\/v2\/pages"}],"about":[{"href":"https:\/\/www.mawa-trading.at\/fr\/wp-json\/wp\/v2\/types\/page"}],"author":[{"embeddable":true,"href":"https:\/\/www.mawa-trading.at\/fr\/wp-json\/wp\/v2\/users\/2"}],"replies":[{"embeddable":true,"href":"https:\/\/www.mawa-trading.at\/fr\/wp-json\/wp\/v2\/comments?post=3759"}],"version-history":[{"count":3,"href":"https:\/\/www.mawa-trading.at\/fr\/wp-json\/wp\/v2\/pages\/3759\/revisions"}],"predecessor-version":[{"id":5002,"href":"https:\/\/www.mawa-trading.at\/fr\/wp-json\/wp\/v2\/pages\/3759\/revisions\/5002"}],"wp:featuredmedia":[{"embeddable":true,"href":"https:\/\/www.mawa-trading.at\/fr\/wp-json\/wp\/v2\/media\/3634"}],"wp:attachment":[{"href":"https:\/\/www.mawa-trading.at\/fr\/wp-json\/wp\/v2\/media?parent=3759"}],"curies":[{"name":"wp","href":"https:\/\/api.w.org\/{rel}","templated":true}]}}