{"id":3765,"date":"2021-02-17T17:08:35","date_gmt":"2021-02-17T16:08:35","guid":{"rendered":"https:\/\/mawa.folgner.at\/mentions-legales\/"},"modified":"2025-02-27T13:20:45","modified_gmt":"2025-02-27T12:20:45","slug":"mentions-legales","status":"publish","type":"page","link":"https:\/\/www.mawa-trading.at\/fr\/mentions-legales\/","title":{"rendered":"Mentions l\u00e9gales"},"content":{"rendered":"\n<h2 class=\"wp-block-heading\">Responsable du contenu, \u00e9diteur et propri\u00e9taire du m\u00e9dia<\/h2>\n\n<p>MAWA Trading GmbH<br\/>Johann-Galler Stra\u00dfe 20<br\/>2120 Wolkersdorf<br\/>\u00d6sterreich<\/p>\n\n<p>T\u00e9l\u00e9phone : +49 170 962 7099<\/p>\n\n<p>Web : <a href=\"http:\/\/www.mawa-trading.at\">www.mawa-trading.at<\/a><br\/>E-mail : <a href=\"mailto:office@mawa-trading.at\">office@mawa-trading.at<\/a><\/p>\n\n<p>Directeur g\u00e9n\u00e9ral : DI(FH) Erich Manzer <br\/>ID TVA : ATU75903578<br\/>Num\u00e9ro EORI : ATEOS1000107730<br\/>Num\u00e9ro du registre du commerce : FN540641k <br\/>Tribunal de commerce de Vienne HA021<\/p>\n\n<p>Membre de la WKO, section commerce, <br\/>Objet de l&rsquo;entreprise : commerce de et avec toutes sortes de marchandises ; importation et exportation de toutes sortes de marchandises de Chine et d&rsquo;Autriche<br\/>Registre : Freies Gewerbe<br\/><br\/>R\u00e9glementation sur les activit\u00e9s commerciales : code du commerce sur <a href=\"http:\/\/www.ris.bka.gv.at\/\" target=\"_blank\" rel=\"noreferrer noopener\">www.ris.bka.gv.at<\/a><\/p>\n\n<hr class=\"wp-block-separator has-text-color has-red-color has-css-opacity has-red-background-color has-background is-style-wide\"\/>\n\n<h2 class=\"wp-block-heading\">Coordonn\u00e9es bancaires<\/h2>\n\n<p>MAWA Trading GmbH<br\/>IBAN: AT89 2011 1843 2230 7500<br\/>BIC: GIBAATWWXXX<br\/>Kreditinstitut: Erste Bank<\/p>\n\n<hr class=\"wp-block-separator has-text-color has-red-color has-css-opacity has-red-background-color has-background is-style-wide\"\/>\n\n<h2 class=\"wp-block-heading\">Copyright<\/h2>\n\n<p>Tous droits r\u00e9serv\u00e9s. Les textes, images, fichiers audio et vid\u00e9o, ainsi que leur disposition sur les sites web MAWA sont soumis au copyright de MAWA Trading GmbH ou aux droits d&rsquo;auteur de tiers. Toute reproduction ou repr\u00e9sentation totale ou partielle est interdite sans l&rsquo;autorisation \u00e9crite de MAWA Trading GmbH.<\/p>\n\n<hr class=\"wp-block-separator has-text-color has-red-color has-css-opacity has-red-background-color has-background is-style-wide\"\/>\n\n<h2 class=\"wp-block-heading\">Responsabilit\u00e9<\/h2>\n\n<p>Ce site web a \u00e9t\u00e9 \u00e9labor\u00e9 avec le plus grand soin. Cependant, MAWA ne peut pas garantir l&rsquo;absence d&rsquo;erreurs et l&rsquo;exactitude des informations contenues.  <\/p>\n","protected":false},"excerpt":{"rendered":"<p>Responsable du contenu, \u00e9diteur et propri\u00e9taire du m\u00e9dia MAWA Trading GmbHJohann-Galler Stra\u00dfe 202120 Wolkersdorf\u00d6sterreich T\u00e9l\u00e9phone : +49 170 962 7099 Web : www.mawa-trading.atE-mail : office@mawa-trading.at Directeur g\u00e9n\u00e9ral : DI(FH) Erich Manzer ID TVA : ATU75903578Num\u00e9ro EORI : ATEOS1000107730Num\u00e9ro du registre du commerce : FN540641k Tribunal de commerce de Vienne HA021 Membre de la WKO, section [&hellip;]<\/p>\n","protected":false},"author":2,"featured_media":3636,"parent":0,"menu_order":0,"comment_status":"closed","ping_status":"closed","template":"","meta":{"_acf_changed":false,"footnotes":""},"class_list":["post-3765","page","type-page","status-publish","has-post-thumbnail","hentry"],"acf":[],"_links":{"self":[{"href":"https:\/\/www.mawa-trading.at\/fr\/wp-json\/wp\/v2\/pages\/3765","targetHints":{"allow":["GET"]}}],"collection":[{"href":"https:\/\/www.mawa-trading.at\/fr\/wp-json\/wp\/v2\/pages"}],"about":[{"href":"https:\/\/www.mawa-trading.at\/fr\/wp-json\/wp\/v2\/types\/page"}],"author":[{"embeddable":true,"href":"https:\/\/www.mawa-trading.at\/fr\/wp-json\/wp\/v2\/users\/2"}],"replies":[{"embeddable":true,"href":"https:\/\/www.mawa-trading.at\/fr\/wp-json\/wp\/v2\/comments?post=3765"}],"version-history":[{"count":7,"href":"https:\/\/www.mawa-trading.at\/fr\/wp-json\/wp\/v2\/pages\/3765\/revisions"}],"predecessor-version":[{"id":5526,"href":"https:\/\/www.mawa-trading.at\/fr\/wp-json\/wp\/v2\/pages\/3765\/revisions\/5526"}],"wp:featuredmedia":[{"embeddable":true,"href":"https:\/\/www.mawa-trading.at\/fr\/wp-json\/wp\/v2\/media\/3636"}],"wp:attachment":[{"href":"https:\/\/www.mawa-trading.at\/fr\/wp-json\/wp\/v2\/media?parent=3765"}],"curies":[{"name":"wp","href":"https:\/\/api.w.org\/{rel}","templated":true}]}}