{"id":3769,"date":"2021-02-03T12:40:53","date_gmt":"2021-02-03T11:40:53","guid":{"rendered":"https:\/\/mawa.folgner.at\/service\/"},"modified":"2025-03-06T12:46:28","modified_gmt":"2025-03-06T11:46:28","slug":"service","status":"publish","type":"page","link":"https:\/\/www.mawa-trading.at\/fr\/service\/","title":{"rendered":"Service de r\u00e9paration"},"content":{"rendered":"\n<div class=\"wp-block-columns columns-breakearly is-layout-flex wp-container-core-columns-is-layout-9d6595d7 wp-block-columns-is-layout-flex\">\n<div class=\"wp-block-column is-layout-flow wp-block-column-is-layout-flow\">\n<p>MAWA prend en charge tous les services de r\u00e9paration pour les appareils INFIRAY, NOCPIX et PARD. Les appareils d\u00e9fectueux ne peuvent \u00eatre transmis \u00e0 MAWA que par les revendeurs. Pour les produits Infiray et NOCPIX, il importe peu qu&rsquo;ils aient \u00e9t\u00e9 achet\u00e9s \u00e0 l&rsquo;origine chez nous ou chez un distributeur pr\u00e9c\u00e9dent. Envoyez-nous vos demandes de r\u00e9paration et nous ferons tout notre possible pour les mener \u00e0 bien dans les 10 jours. Les r\u00e9parations sous garantie sont bien entendu gratuites.  <\/p>\n<\/div>\n<\/div>\n\n\n\n<p>Pour enregistrer vos r\u00e9parations, veuillez utiliser notre syst\u00e8me RMA (Return Merchandise Authorization).<\/p>\n\n\n\n<p class=\"has-text-align-center\">Vous \u00eates \u00e0 un clic d&rsquo;envoyer votre appareil en r\u00e9paration :<\/p>\n\n\n\n<div class=\"wp-block-buttons is-content-justification-center is-layout-flex wp-container-core-buttons-is-layout-16018d1d wp-block-buttons-is-layout-flex\">\n<div class=\"wp-block-button\"><a class=\"wp-block-button__link has-text-align-center wp-element-button\" href=\"https:\/\/tfe451654.emailsys2a.net\/c\/228\/7528854\/0\/0\/0\/47324\/c960242bd1.html\">Enregistrement de r\u00e9paration<\/a><\/div>\n<\/div>\n\n\n\n<div style=\"height:60px\" aria-hidden=\"true\" class=\"wp-block-spacer\"><\/div>\n\n\n\n<h2 class=\"wp-block-heading has-text-align-center\">Processus de r\u00e9paration<\/h2>\n\n\n<section id=\"brxe-vyqjek\" class=\"brxe-section\"><div id=\"brxe-riyrgg\" class=\"brxe-container\"><div id=\"brxe-kqjdvc\" class=\"brxe-div\"><i id=\"brxe-fwpmce\" class=\"brxe-icon flow-icon ti-user\"><\/i><div id=\"brxe-qbxsso\" class=\"brxe-text-basic flow-text\">Client<\/div><\/div><div id=\"brxe-gptufk\" class=\"brxe-block\"><div id=\"brxe-xmljse\" class=\"brxe-div flow-split-top flow-split-border\"><\/div><\/div><div id=\"brxe-gcxnwl\" class=\"brxe-div\"><i id=\"brxe-hnicwg\" class=\"brxe-icon flow-icon ti-headphone-alt\"><\/i><div id=\"brxe-pppswt\" class=\"brxe-text-basic flow-text\">Centre de service<\/div><\/div><div id=\"brxe-ctituv\" class=\"brxe-block\"><div id=\"brxe-lhczpy\" class=\"brxe-div flow-split-top flow-split-border\"><\/div><\/div><div id=\"brxe-kqvmnm\" class=\"brxe-div\"><i id=\"brxe-jvtcmi\" class=\"brxe-icon flow-icon ti-direction-alt\"><\/i><div id=\"brxe-ufskse\" class=\"brxe-text-basic flow-text\">Retour ou r\u00e9paration<\/div><\/div><div id=\"brxe-woaazu\" class=\"brxe-block\"><div id=\"brxe-xtwxyx\" class=\"brxe-div flow-split-top flow-split-border\"><\/div><div id=\"brxe-cteqto\" class=\"brxe-div flow-split flow-split-border\"><\/div><\/div><div id=\"brxe-jvvuqv\" class=\"brxe-block\"><div id=\"brxe-hliisb\" class=\"brxe-block\"><div id=\"brxe-wngrvq\" class=\"brxe-div\"><i id=\"brxe-fajoak\" class=\"brxe-icon flow-icon ti-thumb-down\"><\/i><div id=\"brxe-swbuuy\" class=\"brxe-text-basic flow-text\">pas de garantie<\/div><\/div><div id=\"brxe-almwrz\" class=\"brxe-block\"><div id=\"brxe-ypqfnt\" class=\"brxe-div flow-split-top flow-split-border\"><\/div><\/div><div id=\"brxe-qbewam\" class=\"brxe-div\"><i id=\"brxe-nlniit\" class=\"brxe-icon flow-icon ti-target\"><\/i><div id=\"brxe-vcwzxl\" class=\"brxe-text-basic flow-text\">Confirmer le probl\u00e8me<\/div><\/div><div id=\"brxe-mnyrmo\" class=\"brxe-block\"><div id=\"brxe-rdvsoz\" class=\"brxe-div flow-split-top flow-split-border\"><\/div><\/div><div id=\"brxe-znniyu\" class=\"brxe-div\"><i id=\"brxe-pawcpp\" class=\"brxe-icon flow-icon ti-money\"><\/i><div id=\"brxe-bbqgss\" class=\"brxe-text-basic flow-text\">r\u00e9paration payante<\/div><\/div><div id=\"brxe-gmzmbl\" class=\"brxe-block\"><div id=\"brxe-czqvol\" class=\"brxe-div flow-split-top flow-split-border\"><\/div><\/div><\/div><div id=\"brxe-xxtyht\" class=\"brxe-block\"><div id=\"brxe-isrfoc\" class=\"brxe-div\"><i id=\"brxe-ufgvqf\" class=\"brxe-icon flow-icon ti-thumb-up\"><\/i><div id=\"brxe-soxknq\" class=\"brxe-text-basic flow-text\">Garantie<\/div><\/div><div id=\"brxe-zuyzyv\" class=\"brxe-block\"><div id=\"brxe-pdudzy\" class=\"brxe-div flow-split-top flow-split-border\"><\/div><\/div><div id=\"brxe-clnecw\" class=\"brxe-div\"><i id=\"brxe-mlsplr\" class=\"brxe-icon flow-icon ti-target\"><\/i><div id=\"brxe-gjhruv\" class=\"brxe-text-basic flow-text\">Confirmer le probl\u00e8me<\/div><\/div><div id=\"brxe-qekaii\" class=\"brxe-block\"><div id=\"brxe-wkjgqu\" class=\"brxe-div flow-split-top flow-split-border\"><\/div><div id=\"brxe-uwcbqe\" class=\"brxe-div flow-split flow-split-border\"><\/div><\/div><div id=\"brxe-vflbfi\" class=\"brxe-block\"><div id=\"brxe-qtrclk\" class=\"brxe-block\"><div id=\"brxe-qpgrjm\" class=\"brxe-div\"><i id=\"brxe-cyaqmb\" class=\"brxe-icon flow-icon ti-settings\"><\/i><div id=\"brxe-zlsxzh\" class=\"brxe-text-basic flow-text\">r\u00e9paration gratuite<\/div><\/div><\/div><div id=\"brxe-yjhyoa\" class=\"brxe-block\"><div id=\"brxe-jklzmd\" class=\"brxe-div\"><i id=\"brxe-sfpsod\" class=\"brxe-icon flow-icon ti-reload\"><\/i><div id=\"brxe-lbfkuz\" class=\"brxe-text-basic flow-text\">\u00e9change gratuit<\/div><\/div><\/div><\/div><div id=\"brxe-zufevl\" class=\"brxe-block\"><div id=\"brxe-trgqbd\" class=\"brxe-div flow-split-top flow-split-border\"><\/div><div id=\"brxe-whssjx\" class=\"brxe-div flow-split flow-split-border\"><\/div><\/div><\/div><\/div><div id=\"brxe-ceefyg\" class=\"brxe-block\"><div id=\"brxe-nholed\" class=\"brxe-div flow-split-top flow-split-border\"><\/div><div id=\"brxe-wijlit\" class=\"brxe-div flow-split flow-split-border\"><\/div><\/div><div id=\"brxe-dbeklo\" class=\"brxe-div\"><i id=\"brxe-aolwdk\" class=\"brxe-icon ti-face-smile\"><\/i><div id=\"brxe-lgqmts\" class=\"brxe-text-basic flow-text\">Accompli!<\/div><\/div><\/div><\/section>\n\n\n\n<p><strong>Remarque importante :<\/strong> <\/p>\n\n\n\n<p>Aucune garantie ne sera accord\u00e9e si :<\/p>\n\n\n\n<ul class=\"wp-block-list\">\n<li>Si l&rsquo;appareil a \u00e9t\u00e9 modifi\u00e9 ou contrefait<\/li>\n\n\n\n<li>Si l&rsquo;appareil a \u00e9t\u00e9 manipul\u00e9 de mani\u00e8re incorrecte ou a subi des dommages m\u00e9caniques ou chimiques,<\/li>\n\n\n\n<li>Des r\u00e9parations incorrectes ont \u00e9t\u00e9 effectu\u00e9es sur l&rsquo;appareil,<\/li>\n\n\n\n<li>L&rsquo;appareil provient d&rsquo;un import parall\u00e8le, vendu cette ann\u00e9e en Allemagne.<\/li>\n\n\n\n<li>En revanche, l&rsquo;usure ou d&rsquo;autres traces d&rsquo;utilisation et d&rsquo;abrasion sur l&rsquo;appareil ne constituent pas un d\u00e9faut mat\u00e9riel et ne sont donc pas couvertes par la garantie.<\/li>\n<\/ul>\n\n\n\n<p>D&rsquo;autres guides sont \u00e9galement disponibles en t\u00e9l\u00e9chargement.<\/p>\n","protected":false},"excerpt":{"rendered":"<p>MAWA prend en charge tous les services de r\u00e9paration pour les appareils INFIRAY, NOCPIX et PARD. Les appareils d\u00e9fectueux ne peuvent \u00eatre transmis \u00e0 MAWA que par les revendeurs. Pour les produits Infiray et NOCPIX, il importe peu qu&rsquo;ils aient \u00e9t\u00e9 achet\u00e9s \u00e0 l&rsquo;origine chez nous ou chez un distributeur pr\u00e9c\u00e9dent. Envoyez-nous vos demandes de [&hellip;]<\/p>\n","protected":false},"author":2,"featured_media":3586,"parent":0,"menu_order":0,"comment_status":"closed","ping_status":"closed","template":"","meta":{"_acf_changed":false,"footnotes":""},"class_list":["post-3769","page","type-page","status-publish","has-post-thumbnail","hentry"],"acf":[],"_links":{"self":[{"href":"https:\/\/www.mawa-trading.at\/fr\/wp-json\/wp\/v2\/pages\/3769","targetHints":{"allow":["GET"]}}],"collection":[{"href":"https:\/\/www.mawa-trading.at\/fr\/wp-json\/wp\/v2\/pages"}],"about":[{"href":"https:\/\/www.mawa-trading.at\/fr\/wp-json\/wp\/v2\/types\/page"}],"author":[{"embeddable":true,"href":"https:\/\/www.mawa-trading.at\/fr\/wp-json\/wp\/v2\/users\/2"}],"replies":[{"embeddable":true,"href":"https:\/\/www.mawa-trading.at\/fr\/wp-json\/wp\/v2\/comments?post=3769"}],"version-history":[{"count":12,"href":"https:\/\/www.mawa-trading.at\/fr\/wp-json\/wp\/v2\/pages\/3769\/revisions"}],"predecessor-version":[{"id":5548,"href":"https:\/\/www.mawa-trading.at\/fr\/wp-json\/wp\/v2\/pages\/3769\/revisions\/5548"}],"wp:featuredmedia":[{"embeddable":true,"href":"https:\/\/www.mawa-trading.at\/fr\/wp-json\/wp\/v2\/media\/3586"}],"wp:attachment":[{"href":"https:\/\/www.mawa-trading.at\/fr\/wp-json\/wp\/v2\/media?parent=3769"}],"curies":[{"name":"wp","href":"https:\/\/api.w.org\/{rel}","templated":true}]}}