{"id":5461,"date":"2024-09-22T15:49:48","date_gmt":"2024-09-22T14:49:48","guid":{"rendered":"https:\/\/mawa.folgner.at\/online-shop\/"},"modified":"2024-09-22T15:53:04","modified_gmt":"2024-09-22T14:53:04","slug":"online-shop","status":"publish","type":"page","link":"https:\/\/www.mawa-trading.at\/fr\/online-shop\/","title":{"rendered":"Online Shop"},"content":{"rendered":"\n<p><strong>Nous serons bient\u00f4t l\u00e0 pour vous !<\/strong><br\/>Notre tout nouveau site de vente en ligne sera bient\u00f4t disponible. Pr\u00e9parez-vous \u00e0 d\u00e9couvrir des produits exclusifs, des offres passionnantes et une exp\u00e9rience d&rsquo;achat que vous ne voudrez pas manquer. <\/p>\n\n<p><strong>Restez \u00e0 l&rsquo;aff\u00fbt \u2013 \u00e7a en vaut la peine !<\/strong><\/p>\n\n<p><\/p>\n","protected":false},"excerpt":{"rendered":"<p>Nous serons bient\u00f4t l\u00e0 pour vous !Notre tout nouveau site de vente en ligne sera bient\u00f4t disponible. Pr\u00e9parez-vous \u00e0 d\u00e9couvrir des produits exclusifs, des offres passionnantes et une exp\u00e9rience d&rsquo;achat que vous ne voudrez pas manquer. Restez \u00e0 l&rsquo;aff\u00fbt \u2013 \u00e7a en vaut la peine !<\/p>\n","protected":false},"author":1,"featured_media":0,"parent":0,"menu_order":0,"comment_status":"closed","ping_status":"closed","template":"","meta":{"_acf_changed":false,"footnotes":""},"class_list":["post-5461","page","type-page","status-publish","hentry"],"acf":[],"_links":{"self":[{"href":"https:\/\/www.mawa-trading.at\/fr\/wp-json\/wp\/v2\/pages\/5461","targetHints":{"allow":["GET"]}}],"collection":[{"href":"https:\/\/www.mawa-trading.at\/fr\/wp-json\/wp\/v2\/pages"}],"about":[{"href":"https:\/\/www.mawa-trading.at\/fr\/wp-json\/wp\/v2\/types\/page"}],"author":[{"embeddable":true,"href":"https:\/\/www.mawa-trading.at\/fr\/wp-json\/wp\/v2\/users\/1"}],"replies":[{"embeddable":true,"href":"https:\/\/www.mawa-trading.at\/fr\/wp-json\/wp\/v2\/comments?post=5461"}],"version-history":[{"count":1,"href":"https:\/\/www.mawa-trading.at\/fr\/wp-json\/wp\/v2\/pages\/5461\/revisions"}],"predecessor-version":[{"id":5462,"href":"https:\/\/www.mawa-trading.at\/fr\/wp-json\/wp\/v2\/pages\/5461\/revisions\/5462"}],"wp:attachment":[{"href":"https:\/\/www.mawa-trading.at\/fr\/wp-json\/wp\/v2\/media?parent=5461"}],"curies":[{"name":"wp","href":"https:\/\/api.w.org\/{rel}","templated":true}]}}